{"id":2,"date":"2019-04-25T09:51:59","date_gmt":"2019-04-25T08:51:59","guid":{"rendered":"https:\/\/www.mgrodin.org\/croqwords\/?page_id=2"},"modified":"2024-11-12T18:09:07","modified_gmt":"2024-11-12T17:09:07","slug":"page-d-exemple","status":"publish","type":"page","link":"https:\/\/www.mgrodin.org\/","title":{"rendered":"MIchel Garin"},"content":{"rendered":"\n<figure class=\"wp-block-image size-full\"><img loading=\"lazy\" decoding=\"async\" width=\"1000\" height=\"753\" src=\"https:\/\/www.mgrodin.org\/wp-content\/uploads\/2019\/04\/essaouira_port.jpg\" alt=\"\" class=\"wp-image-176\" srcset=\"https:\/\/www.mgrodin.org\/wp-content\/uploads\/2019\/04\/essaouira_port.jpg 1000w, https:\/\/www.mgrodin.org\/wp-content\/uploads\/2019\/04\/essaouira_port-300x226.jpg 300w, https:\/\/www.mgrodin.org\/wp-content\/uploads\/2019\/04\/essaouira_port-768x578.jpg 768w\" sizes=\"auto, (max-width: 1000px) 100vw, 1000px\" \/><figcaption class=\"wp-element-caption\">Port Essaouira (huile couteau)\n<\/figcaption><\/figure>\n\n\n<div class=\"entry-content\">\n<p style=\"text-align: center;\">Bienvenue sur le site de Michel Garin.<\/p>\n<p>N\u00e9 en Anjou d\u2019un p\u00e8re militaire, durant mon enfance, j\u2019ai beaucoup voyag\u00e9 en France et en Allemagne.<\/p>\n<p>Plus tard, cinq ans pass\u00e9s dans la marine puis vingt cinq comme ing\u00e8nieur dans une soci\u00e9t\u00e9 internationale m\u2019ont ouvert encore bien d\u2019autres horizons.<\/p>\n<p>Aujourd\u2019hui \u00e0 la retraite, mes activit\u00e9s ne manquent pas.<\/p>\n<ul>\n<li>Peintre, je pratique la peinture \u00e0 l\u2019huile au couteau et l\u2019aquarelle.<\/li>\n<li>Croqueur, je me prom\u00e8ne le carnet, le crayon et le pinceau \u00e0 la main pour croquer les sc\u00e8nes et paysages.<\/li>\n<li>Cr\u00e9ateur de sites pour rester en contact avec mon pass\u00e9.<\/li>\n<li>Passionn\u00e9 d\u2019histoire je me suis sp\u00e9cialis\u00e9 dans la premi\u00e8re guerre mondiale et plus particuli\u00e8rement dans la r\u00e9habilitation des \u00ab Fusill\u00e9s pour l\u2019exemple \u00bb<\/li>\n<\/ul>\n<p><img loading=\"lazy\" decoding=\"async\" class=\"aligncenter wp-image-51 size-full\" src=\"http:\/\/www.mgrodin.org\/wp-content\/uploads\/2019\/04\/mgrodin1.jpg\" alt=\"\" usemap=\"#map\" width=\"564\" height=\"563\" border=\"0\" srcset=\"https:\/\/www.mgrodin.org\/wp-content\/uploads\/2019\/04\/mgrodin1.jpg 564w, https:\/\/www.mgrodin.org\/wp-content\/uploads\/2019\/04\/mgrodin1-150x150.jpg 150w, https:\/\/www.mgrodin.org\/wp-content\/uploads\/2019\/04\/mgrodin1-300x300.jpg 300w\" sizes=\"auto, (max-width: 564px) 100vw, 564px\" \/> <\/p>\n<map name=\"map\">\n<area coords=\"16,8,259,254\" shape=\"rect\" href=\"http:\/\/www.mgrodin.org\/?cat=2\">\n<area coords=\"309,7,550,258\" shape=\"rect\" href=\"http:\/\/www.mgrodin.org\/?cat=3\">\n<area coords=\"14,302,259,553\" shape=\"rect\" href=\"http:\/\/www.mgrodin.org\/?cat=4\">\n<area coords=\"311,305,551,556\" shape=\"rect\" href=\"http:\/\/www.mgrodin.org\/?cat=5\">\n <\/map>\n<\/p>\n<\/div>","protected":false},"excerpt":{"rendered":"<p>Bienvenue sur le site de Michel Garin. N\u00e9 en Anjou d\u2019un p\u00e8re militaire, durant mon enfance, j\u2019ai beaucoup voyag\u00e9 en France et en Allemagne. Plus tard, cinq ans pass\u00e9s dans la marine puis vingt cinq comme ing\u00e8nieur dans une soci\u00e9t\u00e9 internationale m\u2019ont ouvert encore bien d\u2019autres horizons. Aujourd\u2019hui \u00e0 la retraite, mes activit\u00e9s ne manquent &hellip; <a href=\"https:\/\/www.mgrodin.org\/\" class=\"more-link\">Continuer la lecture de <span class=\"screen-reader-text\">MIchel Garin<\/span>  <span class=\"meta-nav\">&rarr;<\/span><\/a><\/p>\n","protected":false},"author":1,"featured_media":578,"parent":0,"menu_order":0,"comment_status":"closed","ping_status":"open","template":"page-templates\/full-width.php","meta":{"footnotes":""},"class_list":["post-2","page","type-page","status-publish","has-post-thumbnail","hentry"],"_links":{"self":[{"href":"https:\/\/www.mgrodin.org\/index.php?rest_route=\/wp\/v2\/pages\/2","targetHints":{"allow":["GET"]}}],"collection":[{"href":"https:\/\/www.mgrodin.org\/index.php?rest_route=\/wp\/v2\/pages"}],"about":[{"href":"https:\/\/www.mgrodin.org\/index.php?rest_route=\/wp\/v2\/types\/page"}],"author":[{"embeddable":true,"href":"https:\/\/www.mgrodin.org\/index.php?rest_route=\/wp\/v2\/users\/1"}],"replies":[{"embeddable":true,"href":"https:\/\/www.mgrodin.org\/index.php?rest_route=%2Fwp%2Fv2%2Fcomments&post=2"}],"version-history":[{"count":16,"href":"https:\/\/www.mgrodin.org\/index.php?rest_route=\/wp\/v2\/pages\/2\/revisions"}],"predecessor-version":[{"id":567,"href":"https:\/\/www.mgrodin.org\/index.php?rest_route=\/wp\/v2\/pages\/2\/revisions\/567"}],"wp:featuredmedia":[{"embeddable":true,"href":"https:\/\/www.mgrodin.org\/index.php?rest_route=\/wp\/v2\/media\/578"}],"wp:attachment":[{"href":"https:\/\/www.mgrodin.org\/index.php?rest_route=%2Fwp%2Fv2%2Fmedia&parent=2"}],"curies":[{"name":"wp","href":"https:\/\/api.w.org\/{rel}","templated":true}]}}